{"id":37665,"date":"2026-01-14T19:09:55","date_gmt":"2026-01-14T19:09:55","guid":{"rendered":"https:\/\/rentalsunited.com\/quick-connect-channel-manager-en-marque-blanche\/"},"modified":"2026-01-14T19:10:08","modified_gmt":"2026-01-14T19:10:08","slug":"channel-manager-en-marque-blanche","status":"publish","type":"page","link":"https:\/\/rentalsunited.com\/fr\/channel-manager-en-marque-blanche\/","title":{"rendered":"Quick Connect (Channel Manager en marque blanche)"},"content":{"rendered":"","protected":false},"excerpt":{"rendered":"<p>Quick Connect est le channel manager en marque blanche de Rentals United. Gr\u00e2ce \u00e0 des connexions de qualit\u00e9 sup\u00e9rieure ouvrant la voie \u00e0 de nouveaux march\u00e9s pour vos gestionnaires de propri\u00e9t\u00e9s, vous pouvez accro\u00eetre leurs revenus&#8230; et les v\u00f4tres.<\/p>\n","protected":false},"author":12,"featured_media":0,"parent":0,"menu_order":0,"comment_status":"closed","ping_status":"closed","template":"tpl-layouts.php","meta":{"_acf_changed":false,"om_disable_all_campaigns":false,"footnotes":""},"acf":[],"_links":{"self":[{"href":"https:\/\/rentalsunited.com\/fr\/wp-json\/wp\/v2\/pages\/37665"}],"collection":[{"href":"https:\/\/rentalsunited.com\/fr\/wp-json\/wp\/v2\/pages"}],"about":[{"href":"https:\/\/rentalsunited.com\/fr\/wp-json\/wp\/v2\/types\/page"}],"author":[{"embeddable":true,"href":"https:\/\/rentalsunited.com\/fr\/wp-json\/wp\/v2\/users\/12"}],"replies":[{"embeddable":true,"href":"https:\/\/rentalsunited.com\/fr\/wp-json\/wp\/v2\/comments?post=37665"}],"version-history":[{"count":7,"href":"https:\/\/rentalsunited.com\/fr\/wp-json\/wp\/v2\/pages\/37665\/revisions"}],"predecessor-version":[{"id":40209,"href":"https:\/\/rentalsunited.com\/fr\/wp-json\/wp\/v2\/pages\/37665\/revisions\/40209"}],"wp:attachment":[{"href":"https:\/\/rentalsunited.com\/fr\/wp-json\/wp\/v2\/media?parent=37665"}],"curies":[{"name":"wp","href":"https:\/\/api.w.org\/{rel}","templated":true}]}}